{"id":56558,"date":"2023-06-13T15:10:13","date_gmt":"2023-06-13T13:10:13","guid":{"rendered":"https:\/\/bold.hamburg\/?page_id=56558"},"modified":"2025-05-02T06:49:36","modified_gmt":"2025-05-02T04:49:36","slug":"legal-notice","status":"publish","type":"page","link":"https:\/\/bold.hamburg\/en\/legal-notice\/","title":{"rendered":"Legal notice"},"content":{"rendered":"<p>[et_pb_section fb_built=&#8221;1&#8243; module_class=&#8221;home_main_section leagal_main_section&#8221; _builder_version=&#8221;4.20.0&#8243; _module_preset=&#8221;default&#8221; locked=&#8221;off&#8221; global_colors_info=&#8221;{}&#8221;][et_pb_row module_class=&#8221;pt0 pb0&#8243; _builder_version=&#8221;4.20.0&#8243; _module_preset=&#8221;default&#8221; vertical_offset_tablet=&#8221;0&#8243; horizontal_offset_tablet=&#8221;0&#8243; custom_margin=&#8221;|auto|50px|auto||&#8221; z_index_tablet=&#8221;0&#8243; box_shadow_horizontal_tablet=&#8221;0px&#8221; box_shadow_vertical_tablet=&#8221;0px&#8221; box_shadow_blur_tablet=&#8221;40px&#8221; box_shadow_spread_tablet=&#8221;0px&#8221; global_colors_info=&#8221;{}&#8221;][et_pb_column type=&#8221;4_4&#8243; _builder_version=&#8221;4.20.0&#8243; _module_preset=&#8221;default&#8221; global_colors_info=&#8221;{}&#8221;][et_pb_text module_class=&#8221;common_htags&#8221; _builder_version=&#8221;4.21.0&#8243; _module_preset=&#8221;default&#8221; global_colors_info=&#8221;{}&#8221;]<\/p>\n<h1>Legal notice<\/h1>\n<p>[\/et_pb_text][\/et_pb_column][\/et_pb_row][\/et_pb_section][et_pb_section fb_built=&#8221;1&#8243; module_class=&#8221;pt0 legealpage&#8221; _builder_version=&#8221;4.20.2&#8243; global_colors_info=&#8221;{}&#8221;][et_pb_row module_class=&#8221;pt0 pb0&#8243; _builder_version=&#8221;4.20.0&#8243; vertical_offset_tablet=&#8221;0&#8243; horizontal_offset_tablet=&#8221;0&#8243; z_index_tablet=&#8221;0&#8243; box_shadow_horizontal_tablet=&#8221;0px&#8221; box_shadow_vertical_tablet=&#8221;0px&#8221; box_shadow_blur_tablet=&#8221;40px&#8221; box_shadow_spread_tablet=&#8221;0px&#8221; global_colors_info=&#8221;{}&#8221;][et_pb_column type=&#8221;4_4&#8243; _builder_version=&#8221;4.16&#8243; custom_padding=&#8221;|||&#8221; global_colors_info=&#8221;{}&#8221; custom_padding__hover=&#8221;|||&#8221;][et_pb_text module_class=&#8221;fonts_15&#8243; _builder_version=&#8221;4.23.1&#8243; vertical_offset_tablet=&#8221;0&#8243; horizontal_offset_tablet=&#8221;0&#8243; z_index_tablet=&#8221;0&#8243; global_colors_info=&#8221;{}&#8221;]<\/p>\n<p>BOLD Consulting GmbH<br \/>Steilshooper Allee 61<br \/>22309 Hamburg<\/p>\n<p>Commercial register: HRB 134910<br \/>Register court: Hamburg<\/p>\n<p><strong>Represented by:<\/strong><br \/>Ms Sandra Rehder<\/p>\n<h2>Contact<\/h2>\n<p>Phone +49-170-7660987<br \/>Email contact@bold.hamburg<\/p>\n<h2>VAT ID<\/h2>\n<p>VAT identification number under section 27 a Umsatzsteuergesetz<br \/>DE298399441<\/p>\n<h2>Details of professional liability insurance<\/h2>\n<p><strong>Name and registered office of the insurer:<\/strong><br \/>BOLD Consulting GmbH<br \/>Steilshooper Allee 61<br \/>22309 Hamburg<\/p>\n<p><strong>Scope of the insurance:<\/strong><br \/>Germany<\/p>\n<h2>Editorial responsibility<\/h2>\n<p>Ms Sandra Rehder<\/p>\n<h2>EU dispute resolution<\/h2>\n<p>The European Commission provides a platform for online dispute resolution: <a href=\"https:\/\/ec.europa.eu\/consumers\/odr\/\" target=\"_blank\" rel=\"noopener noreferrer\">https:\/\/ec.europa.eu\/consumers\/odr\/<\/a>.<br \/>Our email address is listed in the legal notice above.<\/p>\n<h2>Consumer dispute resolution\/universal mediation board<\/h2>\n<p>We are not willing or obliged to participate in dispute resolution processes in front of a consumer mediation board.<\/p>\n<p>[\/et_pb_text][et_pb_image src=&#8221;https:\/\/bold.hamburg\/wp-content\/uploads\/2022\/04\/erecht24-grau-impressum-klein.png&#8221; alt=&#8221;Ereacht &#8211; bold&#8221; _builder_version=&#8221;4.20.0&#8243; vertical_offset_tablet=&#8221;0&#8243; horizontal_offset_tablet=&#8221;0&#8243; z_index_tablet=&#8221;0&#8243; box_shadow_horizontal_tablet=&#8221;0px&#8221; box_shadow_vertical_tablet=&#8221;0px&#8221; box_shadow_blur_tablet=&#8221;40px&#8221; box_shadow_spread_tablet=&#8221;0px&#8221; global_colors_info=&#8221;{}&#8221;][\/et_pb_image][\/et_pb_column][\/et_pb_row][\/et_pb_section]<\/p>\n","protected":false},"excerpt":{"rendered":"<p>Legal noticeBOLD Consulting GmbHSteilshooper Allee 6122309 Hamburg Commercial register: HRB 134910Register court: Hamburg Represented by:Ms Sandra Rehder Contact Phone +49-170-7660987Email contact@bold.hamburg VAT ID VAT identification number under section 27 a UmsatzsteuergesetzDE298399441 Details of professional liability insurance Name and registered office of the insurer:BOLD Consulting GmbHSteilshooper Allee 6122309 Hamburg Scope of the insurance:Germany Editorial responsibility Ms<a class=\"am__readmore\" href=\"https:\/\/bold.hamburg\/en\/legal-notice\/\"> [&#8230;]<\/a><\/p>\n","protected":false},"author":4,"featured_media":0,"parent":0,"menu_order":0,"comment_status":"closed","ping_status":"closed","template":"","meta":{"_et_pb_use_builder":"on","_et_pb_old_content":"[et_pb_section fb_built=\"1\" module_class=\"home_main_section leagal_main_section\" _builder_version=\"4.20.0\" _module_preset=\"default\" locked=\"off\" global_colors_info=\"{}\"][et_pb_row module_class=\"pt0 pb0\" _builder_version=\"4.20.0\" _module_preset=\"default\" vertical_offset_tablet=\"0\" horizontal_offset_tablet=\"0\" z_index_tablet=\"0\" box_shadow_horizontal_tablet=\"0px\" box_shadow_vertical_tablet=\"0px\" box_shadow_blur_tablet=\"40px\" box_shadow_spread_tablet=\"0px\" global_colors_info=\"{}\"][et_pb_column type=\"4_4\" _builder_version=\"4.20.0\" _module_preset=\"default\" global_colors_info=\"{}\"][et_pb_text module_class=\"common_htags\" _builder_version=\"4.21.0\" _module_preset=\"default\" hover_enabled=\"0\" global_colors_info=\"{}\" sticky_enabled=\"0\"]<h1>Impressum<\/h1>\r\n[\/et_pb_text][\/et_pb_column][\/et_pb_row][\/et_pb_section][et_pb_section fb_built=\"1\" module_class=\"pt0 legealpage\" _builder_version=\"4.20.2\" global_colors_info=\"{}\"][et_pb_row module_class=\"pt0 pb0\" _builder_version=\"4.20.0\" vertical_offset_tablet=\"0\" horizontal_offset_tablet=\"0\" z_index_tablet=\"0\" box_shadow_horizontal_tablet=\"0px\" box_shadow_vertical_tablet=\"0px\" box_shadow_blur_tablet=\"40px\" box_shadow_spread_tablet=\"0px\" global_colors_info=\"{}\"][et_pb_column type=\"4_4\" _builder_version=\"4.16\" custom_padding=\"|||\" global_colors_info=\"{}\" custom_padding__hover=\"|||\"][et_pb_text module_class=\"fonts_15\" _builder_version=\"4.20.0\" text_line_height=\"1.6em\" header_font=\"|600|||||||\" header_2_font=\"|600|||||||\" header_2_font_size=\"21px\" vertical_offset_tablet=\"0\" horizontal_offset_tablet=\"0\" z_index_tablet=\"0\" text_text_shadow_horizontal_length_tablet=\"0px\" text_text_shadow_vertical_length_tablet=\"0px\" text_text_shadow_blur_strength_tablet=\"1px\" link_text_shadow_horizontal_length_tablet=\"0px\" link_text_shadow_vertical_length_tablet=\"0px\" link_text_shadow_blur_strength_tablet=\"1px\" ul_text_shadow_horizontal_length_tablet=\"0px\" ul_text_shadow_vertical_length_tablet=\"0px\" ul_text_shadow_blur_strength_tablet=\"1px\" ol_text_shadow_horizontal_length_tablet=\"0px\" ol_text_shadow_vertical_length_tablet=\"0px\" ol_text_shadow_blur_strength_tablet=\"1px\" quote_text_shadow_horizontal_length_tablet=\"0px\" quote_text_shadow_vertical_length_tablet=\"0px\" quote_text_shadow_blur_strength_tablet=\"1px\" header_text_shadow_horizontal_length_tablet=\"0px\" header_text_shadow_vertical_length_tablet=\"0px\" header_text_shadow_blur_strength_tablet=\"1px\" header_2_text_shadow_horizontal_length_tablet=\"0px\" header_2_text_shadow_vertical_length_tablet=\"0px\" header_2_text_shadow_blur_strength_tablet=\"1px\" header_3_text_shadow_horizontal_length_tablet=\"0px\" header_3_text_shadow_vertical_length_tablet=\"0px\" header_3_text_shadow_blur_strength_tablet=\"1px\" header_4_text_shadow_horizontal_length_tablet=\"0px\" header_4_text_shadow_vertical_length_tablet=\"0px\" header_4_text_shadow_blur_strength_tablet=\"1px\" header_5_text_shadow_horizontal_length_tablet=\"0px\" header_5_text_shadow_vertical_length_tablet=\"0px\" header_5_text_shadow_blur_strength_tablet=\"1px\" header_6_text_shadow_horizontal_length_tablet=\"0px\" header_6_text_shadow_vertical_length_tablet=\"0px\" header_6_text_shadow_blur_strength_tablet=\"1px\" box_shadow_horizontal_tablet=\"0px\" box_shadow_vertical_tablet=\"0px\" box_shadow_blur_tablet=\"40px\" box_shadow_spread_tablet=\"0px\" global_colors_info=\"{}\"]<h2>Angaben gem\u00e4\u00df \u00a7 5 TMG<\/h2>\r\n<p>BOLD Consulting GmbH<br \/>Hammerbrookstra\u00dfe 93<br \/>22097 Hamburg<\/p>\r\n<p>Handelsregister: HRB 134910<br \/>Registergericht: Hamburg<\/p>\r\n<p><strong>Vertreten durch:<\/strong><br \/>Frau Sandra Rehder<\/p>\r\n<h2>Kontakt<\/h2>\r\n<p>Telefon +49-170-7660987<br \/>E-Mail contact@bold.hamburg<\/p>\r\n<h2>Umsatzsteuer-ID<\/h2>\r\n<p>Umsatzsteuer-Identifikationsnummer gem\u00e4\u00df \u00a7 27 a Umsatzsteuergesetz<br \/>DE298399441<\/p>\r\n<h2>Quellenangaben f\u00fcr die verwendeten Bilder und Grafiken:<\/h2>\r\n<p>https:\/\/stock.adobe.com\/<\/p>\r\n<p>\u00a9<\/p>\r\n<p>Die auf unserer Webseite verwendeten Fotos sind urheberrechtlich gesch\u00fctzt und f\u00fcr bzw. durch die Seiten-Werk GmbH & Co. KG lizensiert (erg\u00e4nzend auch \u00fcber stock.adobe.com). Siehe die dortigen Hinweise zur rechtlichen Situation.<\/p>\r\n<h2>Angaben zur Berufs\u00adhaftpflicht\u00adversicherung<\/h2>\r\n<p><strong>Name und Sitz des Versicherers:<\/strong><br \/>BOLD Consulting GmbH<br \/>Hammerbrookstra\u00dfe 93<br \/>22097 Hamburg<\/p>\r\n<p><strong>Geltungsraum der Versicherung:<\/strong><br \/>Deutschland<\/p>\r\n<h2>Redaktionell verantwortlich<\/h2>\r\n<p>Frau Sandra Rehder<\/p>\r\n<h2>EU-Streitschlichtung<\/h2>\r\n<p>Die Europ\u00e4ische Kommission stellt eine Plattform zur Online-Streitbeilegung (OS) bereit: <a href=\"https:\/\/ec.europa.eu\/consumers\/odr\/\" target=\"_blank\" rel=\"noopener noreferrer\">https:\/\/ec.europa.eu\/consumers\/odr\/<\/a>.<br \/>Unsere E-Mail-Adresse finden Sie oben im Impressum.<\/p>\r\n<h2>Verbraucher\u00adstreit\u00adbeilegung\/Universal\u00adschlichtungs\u00adstelle<\/h2>\r\n<p>Wir sind nicht bereit oder verpflichtet, an Streitbeilegungsverfahren vor einer Verbraucherschlichtungsstelle teilzunehmen.<\/p>[\/et_pb_text][et_pb_image src=\"https:\/\/bold.hamburg\/wp-content\/uploads\/2022\/04\/erecht24-grau-impressum-klein.png\" alt=\"Ereacht - bold\" _builder_version=\"4.20.0\" vertical_offset_tablet=\"0\" horizontal_offset_tablet=\"0\" z_index_tablet=\"0\" box_shadow_horizontal_tablet=\"0px\" box_shadow_vertical_tablet=\"0px\" box_shadow_blur_tablet=\"40px\" box_shadow_spread_tablet=\"0px\" global_colors_info=\"{}\"][\/et_pb_image][\/et_pb_column][\/et_pb_row][\/et_pb_section]","_et_gb_content_width":"","footnotes":""},"class_list":["post-56558","page","type-page","status-publish","hentry"],"yoast_head":"<!-- This site is optimized with the Yoast SEO plugin v27.0 - https:\/\/yoast.com\/product\/yoast-seo-wordpress\/ -->\n<title>Legal notice \u2013 BOLD Management Consulting<\/title>\n<meta name=\"description\" content=\"Information pursuant to section 5 TMG, BOLD Consulting GmbH, Hammerbrookstra\u00dfe 93, 22097 Hamburg, commercial register: HRB 134910\" \/>\n<meta name=\"robots\" content=\"index, follow, max-snippet:-1, max-image-preview:large, max-video-preview:-1\" \/>\n<link rel=\"canonical\" href=\"https:\/\/bold.hamburg\/impressum\/\" \/>\n<meta property=\"og:locale\" content=\"en_US\" \/>\n<meta property=\"og:type\" content=\"article\" \/>\n<meta property=\"og:title\" content=\"Legal notice \u2013 BOLD Management Consulting\" \/>\n<meta property=\"og:description\" content=\"Information pursuant to section 5 TMG, BOLD Consulting GmbH, Hammerbrookstra\u00dfe 93, 22097 Hamburg, commercial register: HRB 134910\" \/>\n<meta property=\"og:url\" content=\"https:\/\/bold.hamburg\/impressum\/\" \/>\n<meta property=\"og:site_name\" content=\"BOLD Unternehmensberatung\" \/>\n<meta property=\"article:modified_time\" content=\"2025-05-02T04:49:36+00:00\" \/>\n<meta name=\"twitter:card\" content=\"summary_large_image\" \/>\n<meta name=\"twitter:label1\" content=\"Est. reading time\" \/>\n\t<meta name=\"twitter:data1\" content=\"2 minutes\" \/>\n<script type=\"application\/ld+json\" class=\"yoast-schema-graph\">{\"@context\":\"https:\/\/schema.org\",\"@graph\":[{\"@type\":\"WebPage\",\"@id\":\"https:\/\/bold.hamburg\/impressum\/\",\"url\":\"https:\/\/bold.hamburg\/impressum\/\",\"name\":\"Legal notice \u2013 BOLD Management Consulting\",\"isPartOf\":{\"@id\":\"https:\/\/bold.hamburg\/#website\"},\"datePublished\":\"2023-06-13T13:10:13+00:00\",\"dateModified\":\"2025-05-02T04:49:36+00:00\",\"description\":\"Information pursuant to section 5 TMG, BOLD Consulting GmbH, Hammerbrookstra\u00dfe 93, 22097 Hamburg, commercial register: HRB 134910\",\"breadcrumb\":{\"@id\":\"https:\/\/bold.hamburg\/impressum\/#breadcrumb\"},\"inLanguage\":\"en-US\",\"potentialAction\":[{\"@type\":\"ReadAction\",\"target\":[\"https:\/\/bold.hamburg\/impressum\/\"]}]},{\"@type\":\"BreadcrumbList\",\"@id\":\"https:\/\/bold.hamburg\/impressum\/#breadcrumb\",\"itemListElement\":[{\"@type\":\"ListItem\",\"position\":1,\"name\":\"Startseite\",\"item\":\"https:\/\/bold.hamburg\/en\/\"},{\"@type\":\"ListItem\",\"position\":2,\"name\":\"Legal notice\"}]},{\"@type\":\"WebSite\",\"@id\":\"https:\/\/bold.hamburg\/#website\",\"url\":\"https:\/\/bold.hamburg\/\",\"name\":\"BOLD Unternehmensberatung\",\"description\":\"BOLD Unternehmensberatung\",\"potentialAction\":[{\"@type\":\"SearchAction\",\"target\":{\"@type\":\"EntryPoint\",\"urlTemplate\":\"https:\/\/bold.hamburg\/?s={search_term_string}\"},\"query-input\":{\"@type\":\"PropertyValueSpecification\",\"valueRequired\":true,\"valueName\":\"search_term_string\"}}],\"inLanguage\":\"en-US\"}]}<\/script>\n<!-- \/ Yoast SEO plugin. -->","yoast_head_json":{"title":"Legal notice \u2013 BOLD Management Consulting","description":"Information pursuant to section 5 TMG, BOLD Consulting GmbH, Hammerbrookstra\u00dfe 93, 22097 Hamburg, commercial register: HRB 134910","robots":{"index":"index","follow":"follow","max-snippet":"max-snippet:-1","max-image-preview":"max-image-preview:large","max-video-preview":"max-video-preview:-1"},"canonical":"https:\/\/bold.hamburg\/impressum\/","og_locale":"en_US","og_type":"article","og_title":"Legal notice \u2013 BOLD Management Consulting","og_description":"Information pursuant to section 5 TMG, BOLD Consulting GmbH, Hammerbrookstra\u00dfe 93, 22097 Hamburg, commercial register: HRB 134910","og_url":"https:\/\/bold.hamburg\/impressum\/","og_site_name":"BOLD Unternehmensberatung","article_modified_time":"2025-05-02T04:49:36+00:00","twitter_card":"summary_large_image","twitter_misc":{"Est. reading time":"2 minutes"},"schema":{"@context":"https:\/\/schema.org","@graph":[{"@type":"WebPage","@id":"https:\/\/bold.hamburg\/impressum\/","url":"https:\/\/bold.hamburg\/impressum\/","name":"Legal notice \u2013 BOLD Management Consulting","isPartOf":{"@id":"https:\/\/bold.hamburg\/#website"},"datePublished":"2023-06-13T13:10:13+00:00","dateModified":"2025-05-02T04:49:36+00:00","description":"Information pursuant to section 5 TMG, BOLD Consulting GmbH, Hammerbrookstra\u00dfe 93, 22097 Hamburg, commercial register: HRB 134910","breadcrumb":{"@id":"https:\/\/bold.hamburg\/impressum\/#breadcrumb"},"inLanguage":"en-US","potentialAction":[{"@type":"ReadAction","target":["https:\/\/bold.hamburg\/impressum\/"]}]},{"@type":"BreadcrumbList","@id":"https:\/\/bold.hamburg\/impressum\/#breadcrumb","itemListElement":[{"@type":"ListItem","position":1,"name":"Startseite","item":"https:\/\/bold.hamburg\/en\/"},{"@type":"ListItem","position":2,"name":"Legal notice"}]},{"@type":"WebSite","@id":"https:\/\/bold.hamburg\/#website","url":"https:\/\/bold.hamburg\/","name":"BOLD Unternehmensberatung","description":"BOLD Unternehmensberatung","potentialAction":[{"@type":"SearchAction","target":{"@type":"EntryPoint","urlTemplate":"https:\/\/bold.hamburg\/?s={search_term_string}"},"query-input":{"@type":"PropertyValueSpecification","valueRequired":true,"valueName":"search_term_string"}}],"inLanguage":"en-US"}]}},"_links":{"self":[{"href":"https:\/\/bold.hamburg\/en\/wp-json\/wp\/v2\/pages\/56558","targetHints":{"allow":["GET"]}}],"collection":[{"href":"https:\/\/bold.hamburg\/en\/wp-json\/wp\/v2\/pages"}],"about":[{"href":"https:\/\/bold.hamburg\/en\/wp-json\/wp\/v2\/types\/page"}],"author":[{"embeddable":true,"href":"https:\/\/bold.hamburg\/en\/wp-json\/wp\/v2\/users\/4"}],"replies":[{"embeddable":true,"href":"https:\/\/bold.hamburg\/en\/wp-json\/wp\/v2\/comments?post=56558"}],"version-history":[{"count":11,"href":"https:\/\/bold.hamburg\/en\/wp-json\/wp\/v2\/pages\/56558\/revisions"}],"predecessor-version":[{"id":58259,"href":"https:\/\/bold.hamburg\/en\/wp-json\/wp\/v2\/pages\/56558\/revisions\/58259"}],"wp:attachment":[{"href":"https:\/\/bold.hamburg\/en\/wp-json\/wp\/v2\/media?parent=56558"}],"curies":[{"name":"wp","href":"https:\/\/api.w.org\/{rel}","templated":true}]}}